{"id":163,"date":"2022-04-01T11:26:19","date_gmt":"2022-04-01T11:26:19","guid":{"rendered":"https:\/\/shelly.merku.love\/?page_id=163"},"modified":"2023-04-29T16:41:33","modified_gmt":"2023-04-29T16:41:33","slug":"iletisim","status":"publish","type":"page","link":"https:\/\/www.miterya.com.tr\/en\/iletisim\/","title":{"rendered":"Contact"},"content":{"rendered":"<div data-elementor-type=\"wp-page\" data-elementor-id=\"163\" class=\"elementor elementor-163\">\n\t\t\t\t\t\t\t\t\t<section class=\"elementor-section elementor-top-section elementor-element elementor-element-e57bdfa elementor-section-boxed elementor-section-height-default elementor-section-height-default\" data-id=\"e57bdfa\" data-element_type=\"section\">\n\t\t\t\t\t\t<div class=\"elementor-container elementor-column-gap-default\">\n\t\t\t\t\t<div class=\"elementor-column elementor-col-100 elementor-top-column elementor-element elementor-element-5c67757\" data-id=\"5c67757\" data-element_type=\"column\">\n\t\t\t<div class=\"elementor-widget-wrap elementor-element-populated\">\n\t\t\t\t\t\t\t\t<div class=\"elementor-element elementor-element-36507f1 elementor-widget elementor-widget-google_maps\" data-id=\"36507f1\" data-element_type=\"widget\" data-widget_type=\"google_maps.default\">\n\t\t\t\t<div class=\"elementor-widget-container\">\n\t\t\t<style>\/*! elementor - v3.8.0 - 30-10-2022 *\/\n.elementor-widget-google_maps .elementor-widget-container{overflow:hidden}.elementor-widget-google_maps iframe{height:300px}<\/style>\t\t<div class=\"elementor-custom-embed\">\n\t\t\t<iframe frameborder=\"0\" scrolling=\"no\" marginheight=\"0\" marginwidth=\"0\"\n\t\t\t\t\tsrc=\"https:\/\/maps.google.com\/maps?q=Mizmer%20T%C4%B1bbi%20ve%20Psikolojik%20Dan%C4%B1%C5%9Fmanl%C4%B1k%20Ankara&#038;t=m&#038;z=14&#038;output=embed&#038;iwloc=near\"\n\t\t\t\t\ttitle=\"Mizmer T\u0131bbi ve Psikolojik Dan\u0131\u015fmanl\u0131k Ankara\"\n\t\t\t\t\taria-label=\"Mizmer T\u0131bbi ve Psikolojik Dan\u0131\u015fmanl\u0131k Ankara\"\n\t\t\t><\/iframe>\n\t\t<\/div>\n\t\t\t\t<\/div>\n\t\t\t\t<\/div>\n\t\t\t\t\t<\/div>\n\t\t<\/div>\n\t\t\t\t\t\t\t<\/div>\n\t\t<\/section>\n\t\t\t\t<section class=\"elementor-section elementor-top-section elementor-element elementor-element-e5bdd89 mdp-contact elementor-section-boxed elementor-section-height-default elementor-section-height-default\" data-id=\"e5bdd89\" data-element_type=\"section\">\n\t\t\t\t\t\t<div class=\"elementor-container elementor-column-gap-default\">\n\t\t\t\t\t<div class=\"elementor-column elementor-col-33 elementor-top-column elementor-element elementor-element-782af81\" data-id=\"782af81\" data-element_type=\"column\">\n\t\t\t<div class=\"elementor-widget-wrap elementor-element-populated\">\n\t\t\t\t\t\t\t\t<div class=\"elementor-element elementor-element-8edf1b7 elementor-widget elementor-widget-heading\" data-id=\"8edf1b7\" data-element_type=\"widget\" data-widget_type=\"heading.default\">\n\t\t\t\t<div class=\"elementor-widget-container\">\n\t\t\t<style>\/*! elementor - v3.8.0 - 30-10-2022 *\/\n.elementor-heading-title{padding:0;margin:0;line-height:1}.elementor-widget-heading .elementor-heading-title[class*=elementor-size-]>a{color:inherit;font-size:inherit;line-height:inherit}.elementor-widget-heading .elementor-heading-title.elementor-size-small{font-size:15px}.elementor-widget-heading .elementor-heading-title.elementor-size-medium{font-size:19px}.elementor-widget-heading .elementor-heading-title.elementor-size-large{font-size:29px}.elementor-widget-heading .elementor-heading-title.elementor-size-xl{font-size:39px}.elementor-widget-heading .elementor-heading-title.elementor-size-xxl{font-size:59px}<\/style><h3 class=\"elementor-heading-title elementor-size-default\">Contact Details<\/h3>\t\t<\/div>\n\t\t\t\t<\/div>\n\t\t\t\t<div class=\"elementor-element elementor-element-0177884 elementor-widget elementor-widget-shelly-header-icons\" data-id=\"0177884\" data-element_type=\"widget\" data-widget_type=\"shelly-header-icons.default\">\n\t\t\t\t<div class=\"elementor-widget-container\">\n\t\t\t        <div class=\"header-icons header-icons--vertical\">\r\n            <ul>\r\n                                    <li>\r\n                        <div class=\"contact-icon\">\r\n                                                    <i aria-hidden=\"true\" class=\"fas fa-phone-alt\"><\/i>                                                <\/div>\r\n                        <div class=\"contact-info\">\r\n                                                    <h6>Telephone Number<\/h6>\r\n                                                                                    <span>+90 532 061 4717<\/span>\r\n                                                <\/div>\r\n                    <\/li>\r\n                                    <li>\r\n                        <div class=\"contact-icon\">\r\n                                                    <i aria-hidden=\"true\" class=\"fas fa-mail-bulk\"><\/i>                                                <\/div>\r\n                        <div class=\"contact-info\">\r\n                                                    <h6>Our Email Address<\/h6>\r\n                                                                                    <span>kurumsal@humna.co<\/span>\r\n                                                <\/div>\r\n                    <\/li>\r\n                                    <li>\r\n                        <div class=\"contact-icon\">\r\n                                                    <i aria-hidden=\"true\" class=\"fas fa-map-marker-alt\"><\/i>                                                <\/div>\r\n                        <div class=\"contact-info\">\r\n                                                    <h6>Address<\/h6>\r\n                                                                                    <span>K\u0131z\u0131l\u0131rmak Mah Dumlup\u0131nar Bulvar\u0131<br>YDA CENTER 9\/A<br>Blok No:244 ve 245 <\/span>\r\n                                                <\/div>\r\n                    <\/li>\r\n                            <\/ul>\r\n        <\/div>\r\n\t\t\t\t<\/div>\n\t\t\t\t<\/div>\n\t\t\t\t\t<\/div>\n\t\t<\/div>\n\t\t\t\t<div class=\"elementor-column elementor-col-66 elementor-top-column elementor-element elementor-element-9297859\" data-id=\"9297859\" data-element_type=\"column\">\n\t\t\t<div class=\"elementor-widget-wrap elementor-element-populated\">\n\t\t\t\t\t\t\t\t<div class=\"elementor-element elementor-element-09bac5a elementor-widget elementor-widget-heading\" data-id=\"09bac5a\" data-element_type=\"widget\" data-widget_type=\"heading.default\">\n\t\t\t\t<div class=\"elementor-widget-container\">\n\t\t\t<h3 class=\"elementor-heading-title elementor-size-default\">Contact Form<\/h3>\t\t<\/div>\n\t\t\t\t<\/div>\n\t\t\t\t<div class=\"elementor-element elementor-element-c77c70d elementor-widget elementor-widget-shelly-cf7\" data-id=\"c77c70d\" data-element_type=\"widget\" data-widget_type=\"shelly-cf7.default\">\n\t\t\t\t<div class=\"elementor-widget-container\">\n\t\t\t\t\r\n\t\t\t<div class=\"cta-form\">\r\n            <div role=\"form\" class=\"wpcf7\" id=\"wpcf7-f1779-o1\" lang=\"en-US\" dir=\"ltr\">\n<div class=\"screen-reader-response\"><p role=\"status\" aria-live=\"polite\" aria-atomic=\"true\"><\/p> <ul><\/ul><\/div>\n<form action=\"\/en\/wp-json\/wp\/v2\/pages\/163#wpcf7-f1779-o1\" method=\"post\" class=\"wpcf7-form init\" novalidate=\"novalidate\" data-status=\"init\" data-trp-original-action=\"\/en\/wp-json\/wp\/v2\/pages\/163#wpcf7-f1779-o1\">\n<div style=\"display: none;\">\n<input type=\"hidden\" name=\"_wpcf7\" value=\"1779\" \/>\n<input type=\"hidden\" name=\"_wpcf7_version\" value=\"5.6.4\" \/>\n<input type=\"hidden\" name=\"_wpcf7_locale\" value=\"en_US\" \/>\n<input type=\"hidden\" name=\"_wpcf7_unit_tag\" value=\"wpcf7-f1779-o1\" \/>\n<input type=\"hidden\" name=\"_wpcf7_container_post\" value=\"0\" \/>\n<input type=\"hidden\" name=\"_wpcf7_posted_data_hash\" value=\"\" \/>\n<\/div>\n<label><span class=\"wpcf7-form-control-wrap\" data-name=\"your-name\"><input type=\"text\" name=\"your-name\" value=\"\" size=\"40\" class=\"wpcf7-form-control wpcf7-text wpcf7-validates-as-required\" aria-required=\"true\" aria-invalid=\"false\" placeholder=\"Name Surname\" \/><\/span><\/label>\n\n<label><span class=\"wpcf7-form-control-wrap\" data-name=\"your-email\"><input type=\"email\" name=\"your-email\" value=\"\" size=\"40\" class=\"wpcf7-form-control wpcf7-text wpcf7-email wpcf7-validates-as-required wpcf7-validates-as-email\" aria-required=\"true\" aria-invalid=\"false\" placeholder=\"E-mail\" \/><\/span><\/label>\n\n<label><span class=\"wpcf7-form-control-wrap\" data-name=\"your-message\"><textarea name=\"your-message\" cols=\"40\" rows=\"10\" class=\"wpcf7-form-control wpcf7-textarea\" aria-invalid=\"false\" placeholder=\"Message\"><\/textarea><\/span><\/label>\n<input type=\"submit\" value=\"Send Message\" class=\"wpcf7-form-control has-spinner wpcf7-submit\" \/><div class=\"wpcf7-response-output\" aria-hidden=\"true\"><\/div><input type=\"hidden\" name=\"trp-form-language\" value=\"en\"\/><\/form><\/div>\t\t\t<\/div>\r\n\t\t\t\t<\/div>\n\t\t\t\t<\/div>\n\t\t\t\t\t<\/div>\n\t\t<\/div>\n\t\t\t\t\t\t\t<\/div>\n\t\t<\/section>\n\t\t\t\t\t\t\t<\/div>","protected":false},"excerpt":{"rendered":"<p>\u0130leti\u015fim Bilgilerimiz Telefon Numaras\u0131 +90 532 061 4717 E-posta Adresimiz kurumsal@humna.co Adres K\u0131z\u0131l\u0131rmak Mah Dumlup\u0131nar Bulvar\u0131YDA CENTER 9\/ABlok No:244 ve 245 \u0130leti\u015fim Formu<\/p>","protected":false},"author":1,"featured_media":0,"parent":0,"menu_order":0,"comment_status":"closed","ping_status":"closed","template":"","meta":[],"aioseo_notices":[],"_links":{"self":[{"href":"https:\/\/www.miterya.com.tr\/en\/wp-json\/wp\/v2\/pages\/163"}],"collection":[{"href":"https:\/\/www.miterya.com.tr\/en\/wp-json\/wp\/v2\/pages"}],"about":[{"href":"https:\/\/www.miterya.com.tr\/en\/wp-json\/wp\/v2\/types\/page"}],"author":[{"embeddable":true,"href":"https:\/\/www.miterya.com.tr\/en\/wp-json\/wp\/v2\/users\/1"}],"replies":[{"embeddable":true,"href":"https:\/\/www.miterya.com.tr\/en\/wp-json\/wp\/v2\/comments?post=163"}],"version-history":[{"count":25,"href":"https:\/\/www.miterya.com.tr\/en\/wp-json\/wp\/v2\/pages\/163\/revisions"}],"predecessor-version":[{"id":2932,"href":"https:\/\/www.miterya.com.tr\/en\/wp-json\/wp\/v2\/pages\/163\/revisions\/2932"}],"wp:attachment":[{"href":"https:\/\/www.miterya.com.tr\/en\/wp-json\/wp\/v2\/media?parent=163"}],"curies":[{"name":"wp","href":"https:\/\/api.w.org\/{rel}","templated":true}]}}