{"id":2642,"date":"2022-04-07T17:58:49","date_gmt":"2022-04-07T17:58:49","guid":{"rendered":"https:\/\/www.miterya.com.tr\/?page_id=2642"},"modified":"2022-05-10T09:32:31","modified_gmt":"2022-05-10T09:32:31","slug":"destek","status":"publish","type":"page","link":"https:\/\/www.miterya.com.tr\/en\/destek\/","title":{"rendered":"Support Centre"},"content":{"rendered":"<div data-elementor-type=\"wp-page\" data-elementor-id=\"2642\" class=\"elementor elementor-2642\">\n\t\t\t\t\t\t\t\t\t<section class=\"elementor-section elementor-top-section elementor-element elementor-element-3f088ea elementor-section-boxed elementor-section-height-default elementor-section-height-default\" data-id=\"3f088ea\" data-element_type=\"section\">\n\t\t\t\t\t\t<div class=\"elementor-container elementor-column-gap-default\">\n\t\t\t\t\t<div class=\"elementor-column elementor-col-100 elementor-top-column elementor-element elementor-element-edf2674\" data-id=\"edf2674\" data-element_type=\"column\">\n\t\t\t<div class=\"elementor-widget-wrap elementor-element-populated\">\n\t\t\t\t\t\t\t\t<div class=\"elementor-element elementor-element-1bf3d2b elementor-widget elementor-widget-heading\" data-id=\"1bf3d2b\" data-element_type=\"widget\" data-widget_type=\"heading.default\">\n\t\t\t\t<div class=\"elementor-widget-container\">\n\t\t\t<style>\/*! elementor - v3.8.0 - 30-10-2022 *\/\n.elementor-heading-title{padding:0;margin:0;line-height:1}.elementor-widget-heading .elementor-heading-title[class*=elementor-size-]>a{color:inherit;font-size:inherit;line-height:inherit}.elementor-widget-heading .elementor-heading-title.elementor-size-small{font-size:15px}.elementor-widget-heading .elementor-heading-title.elementor-size-medium{font-size:19px}.elementor-widget-heading .elementor-heading-title.elementor-size-large{font-size:29px}.elementor-widget-heading .elementor-heading-title.elementor-size-xl{font-size:39px}.elementor-widget-heading .elementor-heading-title.elementor-size-xxl{font-size:59px}<\/style><h2 class=\"elementor-heading-title elementor-size-default\">Support Centre<\/h2>\t\t<\/div>\n\t\t\t\t<\/div>\n\t\t\t\t<div class=\"elementor-element elementor-element-35dd323 elementor-widget elementor-widget-text-editor\" data-id=\"35dd323\" data-element_type=\"widget\" data-widget_type=\"text-editor.default\">\n\t\t\t\t<div class=\"elementor-widget-container\">\n\t\t\t<style>\/*! elementor - v3.8.0 - 30-10-2022 *\/\n.elementor-widget-text-editor.elementor-drop-cap-view-stacked .elementor-drop-cap{background-color:#818a91;color:#fff}.elementor-widget-text-editor.elementor-drop-cap-view-framed .elementor-drop-cap{color:#818a91;border:3px solid;background-color:transparent}.elementor-widget-text-editor:not(.elementor-drop-cap-view-default) .elementor-drop-cap{margin-top:8px}.elementor-widget-text-editor:not(.elementor-drop-cap-view-default) .elementor-drop-cap-letter{width:1em;height:1em}.elementor-widget-text-editor .elementor-drop-cap{float:left;text-align:center;line-height:1;font-size:50px}.elementor-widget-text-editor .elementor-drop-cap-letter{display:inline-block}<\/style>\t\t\t\t<p>Problem ya\u015fad\u0131\u011f\u0131n\u0131zda bize <strong>destek@humna.co<\/strong> adresine e-posta g\u00f6ndererek ula\u015fabilirsiniz. Destek ekibimiz en k\u0131sa s\u00fcrede sizinle ileti\u015fime ge\u00e7ecektir.<\/p>\t\t\t\t\t\t<\/div>\n\t\t\t\t<\/div>\n\t\t\t\t<div class=\"elementor-element elementor-element-08531ef elementor-widget elementor-widget-heading\" data-id=\"08531ef\" data-element_type=\"widget\" data-widget_type=\"heading.default\">\n\t\t\t\t<div class=\"elementor-widget-container\">\n\t\t\t<h2 class=\"elementor-heading-title elementor-size-default\">S\u0131k\u00e7a Sorulan Sorular<\/h2>\t\t<\/div>\n\t\t\t\t<\/div>\n\t\t\t\t<div class=\"elementor-element elementor-element-9d17c08 elementor-widget elementor-widget-text-editor\" data-id=\"9d17c08\" data-element_type=\"widget\" data-widget_type=\"text-editor.default\">\n\t\t\t\t<div class=\"elementor-widget-container\">\n\t\t\t\t\t\t\t<p>Kullan\u0131c\u0131lar\u0131m\u0131zdan gelen ve merak edilen sorular ve cevaplar\u0131m\u0131z. Sizin de buraya eklenmesini istedi\u011finiz bir soru varsa l\u00fctfen bizimle payla\u015f\u0131n\u0131z.<\/p>\t\t\t\t\t\t<\/div>\n\t\t\t\t<\/div>\n\t\t\t\t<div class=\"elementor-element elementor-element-60fdbdd elementor-widget elementor-widget-sp_easy_accordion_free_shortcode\" data-id=\"60fdbdd\" data-element_type=\"widget\" data-widget_type=\"sp_easy_accordion_free_shortcode.default\">\n\t\t\t\t<div class=\"elementor-widget-container\">\n\t\t\t<div id=\"sp-ea-2714\" class=\"sp-ea-one sp-easy-accordion\" data-ex-icon=\"fa-minus\" data-col-icon=\"fa-plus\"  data-ea-active=\"ea-click\"  data-ea-mode=\"vertical\" data-preloader=\"\"><div class=\"ea-card ea-expand sp-ea-single\"><h3 class=\"ea-header\"><a class=\"collapsed\" data-sptoggle=\"spcollapse\" data-sptarget=\"#collapse27140\" href=\"javascript:void(0)\" aria-expanded=\"true\"><i class=\"ea-expand-icon fa fa-minus\"><\/i> Giri\u015f Yapam\u0131yorum<\/a><\/h3><div class=\"sp-collapse spcollapse collapsed show\" id=\"collapse27140\" data-parent=\"#sp-ea-2714\"><div class=\"ea-body\"><p>\u0130\u00e7erikler Haz\u0131rlan\u0131yor...<\/p>\n<\/div><\/div><\/div><div class=\"ea-card  sp-ea-single\"><h3 class=\"ea-header\"><a class=\"collapsed\" data-sptoggle=\"spcollapse\" data-sptarget=\"#collapse27141\" href=\"javascript:void(0)\" aria-expanded=\"false\"><i class=\"ea-expand-icon fa fa-plus\"><\/i> Miza\u00e7 Testini Nas\u0131l \u00c7\u00f6zebilirim<\/a><\/h3><div class=\"sp-collapse spcollapse\" id=\"collapse27141\" data-parent=\"#sp-ea-2714\"><div class=\"ea-body\"><p>\u0130\u00e7erikler Haz\u0131rlan\u0131yor...<\/p>\n<\/div><\/div><\/div><div class=\"ea-card  sp-ea-single\"><h3 class=\"ea-header\"><a class=\"collapsed\" data-sptoggle=\"spcollapse\" data-sptarget=\"#collapse27142\" href=\"javascript:void(0)\" aria-expanded=\"false\"><i class=\"ea-expand-icon fa fa-plus\"><\/i> \u015eifremi Unuttum<\/a><\/h3><div class=\"sp-collapse spcollapse\" id=\"collapse27142\" data-parent=\"#sp-ea-2714\"><div class=\"ea-body\"><p>\u0130\u00e7erikler Haz\u0131rlan\u0131yor...<\/p>\n<\/div><\/div><\/div><div class=\"ea-card  sp-ea-single\"><h3 class=\"ea-header\"><a class=\"collapsed\" data-sptoggle=\"spcollapse\" data-sptarget=\"#collapse27143\" href=\"javascript:void(0)\" aria-expanded=\"false\"><i class=\"ea-expand-icon fa fa-plus\"><\/i> Miza\u00e7 Raporumu G\u00f6remiyorum<\/a><\/h3><div class=\"sp-collapse spcollapse\" id=\"collapse27143\" data-parent=\"#sp-ea-2714\"><div class=\"ea-body\"><p>\u0130\u00e7erikler Haz\u0131rlan\u0131yor...<\/p>\n<\/div><\/div><\/div><div class=\"ea-card  sp-ea-single\"><h3 class=\"ea-header\"><a class=\"collapsed\" data-sptoggle=\"spcollapse\" data-sptarget=\"#collapse27144\" href=\"javascript:void(0)\" aria-expanded=\"false\"><i class=\"ea-expand-icon fa fa-plus\"><\/i> Zihinsel Yetenek Testini G\u00f6remiyorum<\/a><\/h3><div class=\"sp-collapse spcollapse\" id=\"collapse27144\" data-parent=\"#sp-ea-2714\"><div class=\"ea-body\"><p>\u0130\u00e7erikler Haz\u0131rlan\u0131yor...<\/p>\n<\/div><\/div><\/div><div class=\"ea-card  sp-ea-single\"><h3 class=\"ea-header\"><a class=\"collapsed\" data-sptoggle=\"spcollapse\" data-sptarget=\"#collapse27145\" href=\"javascript:void(0)\" aria-expanded=\"false\"><i class=\"ea-expand-icon fa fa-plus\"><\/i> Miza\u00e7 Onaylama \u0130\u015flemi Yapam\u0131yorum<\/a><\/h3><div class=\"sp-collapse spcollapse\" id=\"collapse27145\" data-parent=\"#sp-ea-2714\"><div class=\"ea-body\"><p>\u0130\u00e7erikler Haz\u0131rlan\u0131yor...<\/p>\n<\/div><\/div><\/div><\/div>\t\t<\/div>\n\t\t\t\t<\/div>\n\t\t\t\t\t<\/div>\n\t\t<\/div>\n\t\t\t\t\t\t\t<\/div>\n\t\t<\/section>\n\t\t\t\t\t\t\t<\/div>","protected":false},"excerpt":{"rendered":"<p>Destek Merkezi Problem ya\u015fad\u0131\u011f\u0131n\u0131zda bize destek@humna.co adresine e-posta g\u00f6ndererek ula\u015fabilirsiniz. Destek ekibimiz en k\u0131sa s\u00fcrede sizinle ileti\u015fime ge\u00e7ecektir. S\u0131k\u00e7a Sorulan Sorular Kullan\u0131c\u0131lar\u0131m\u0131zdan gelen ve merak edilen sorular ve cevaplar\u0131m\u0131z. Sizin de buraya eklenmesini istedi\u011finiz bir soru varsa l\u00fctfen bizimle payla\u015f\u0131n\u0131z. Giri\u015f Yapam\u0131yorum \u0130\u00e7erikler Haz\u0131rlan\u0131yor&#8230; Miza\u00e7 Testini Nas\u0131l \u00c7\u00f6zebilirim \u0130\u00e7erikler Haz\u0131rlan\u0131yor&#8230; \u015eifremi Unuttum \u0130\u00e7erikler Haz\u0131rlan\u0131yor&#8230; Miza\u00e7 [&hellip;]<\/p>","protected":false},"author":1,"featured_media":0,"parent":0,"menu_order":0,"comment_status":"closed","ping_status":"closed","template":"","meta":[],"aioseo_notices":[],"_links":{"self":[{"href":"https:\/\/www.miterya.com.tr\/en\/wp-json\/wp\/v2\/pages\/2642"}],"collection":[{"href":"https:\/\/www.miterya.com.tr\/en\/wp-json\/wp\/v2\/pages"}],"about":[{"href":"https:\/\/www.miterya.com.tr\/en\/wp-json\/wp\/v2\/types\/page"}],"author":[{"embeddable":true,"href":"https:\/\/www.miterya.com.tr\/en\/wp-json\/wp\/v2\/users\/1"}],"replies":[{"embeddable":true,"href":"https:\/\/www.miterya.com.tr\/en\/wp-json\/wp\/v2\/comments?post=2642"}],"version-history":[{"count":36,"href":"https:\/\/www.miterya.com.tr\/en\/wp-json\/wp\/v2\/pages\/2642\/revisions"}],"predecessor-version":[{"id":2898,"href":"https:\/\/www.miterya.com.tr\/en\/wp-json\/wp\/v2\/pages\/2642\/revisions\/2898"}],"wp:attachment":[{"href":"https:\/\/www.miterya.com.tr\/en\/wp-json\/wp\/v2\/media?parent=2642"}],"curies":[{"name":"wp","href":"https:\/\/api.w.org\/{rel}","templated":true}]}}