{"id":2650,"date":"2022-04-07T18:01:20","date_gmt":"2022-04-07T18:01:20","guid":{"rendered":"https:\/\/www.miterya.com.tr\/?page_id=2650"},"modified":"2022-04-09T11:21:40","modified_gmt":"2022-04-09T11:21:40","slug":"egitimciler-icin","status":"publish","type":"page","link":"https:\/\/www.miterya.com.tr\/en\/egitimciler-icin\/","title":{"rendered":"For Educators"},"content":{"rendered":"<div data-elementor-type=\"wp-page\" data-elementor-id=\"2650\" class=\"elementor elementor-2650\">\n\t\t\t\t\t\t\t\t\t<section class=\"elementor-section elementor-top-section elementor-element elementor-element-9c21b2a elementor-section-boxed elementor-section-height-default elementor-section-height-default\" data-id=\"9c21b2a\" data-element_type=\"section\">\n\t\t\t\t\t\t<div class=\"elementor-container elementor-column-gap-no\">\n\t\t\t\t\t<div class=\"elementor-column elementor-col-100 elementor-top-column elementor-element elementor-element-1469334\" data-id=\"1469334\" data-element_type=\"column\">\n\t\t\t<div class=\"elementor-widget-wrap elementor-element-populated\">\n\t\t\t\t\t\t\t\t<div class=\"elementor-element elementor-element-4e72446 elementor-tabs-view-horizontal elementor-widget elementor-widget-tabs\" data-id=\"4e72446\" data-element_type=\"widget\" data-widget_type=\"tabs.default\">\n\t\t\t\t<div class=\"elementor-widget-container\">\n\t\t\t<style>\/*! elementor - v3.8.0 - 30-10-2022 *\/\n.elementor-widget-tabs.elementor-tabs-view-vertical .elementor-tabs-wrapper{width:25%;-ms-flex-negative:0;flex-shrink:0}.elementor-widget-tabs.elementor-tabs-view-vertical .elementor-tab-desktop-title.elementor-active{border-right-style:none}.elementor-widget-tabs.elementor-tabs-view-vertical .elementor-tab-desktop-title.elementor-active:after,.elementor-widget-tabs.elementor-tabs-view-vertical .elementor-tab-desktop-title.elementor-active:before{height:999em;width:0;right:0;border-right-style:solid}.elementor-widget-tabs.elementor-tabs-view-vertical .elementor-tab-desktop-title.elementor-active:before{top:0;-webkit-transform:translateY(-100%);-ms-transform:translateY(-100%);transform:translateY(-100%)}.elementor-widget-tabs.elementor-tabs-view-vertical .elementor-tab-desktop-title.elementor-active:after{top:100%}.elementor-widget-tabs.elementor-tabs-view-horizontal .elementor-tab-desktop-title{display:table-cell}.elementor-widget-tabs.elementor-tabs-view-horizontal .elementor-tab-desktop-title.elementor-active{border-bottom-style:none}.elementor-widget-tabs.elementor-tabs-view-horizontal .elementor-tab-desktop-title.elementor-active:after,.elementor-widget-tabs.elementor-tabs-view-horizontal .elementor-tab-desktop-title.elementor-active:before{bottom:0;height:0;width:999em;border-bottom-style:solid}.elementor-widget-tabs.elementor-tabs-view-horizontal .elementor-tab-desktop-title.elementor-active:before{right:100%}.elementor-widget-tabs.elementor-tabs-view-horizontal .elementor-tab-desktop-title.elementor-active:after{left:100%}.elementor-widget-tabs .elementor-tab-content,.elementor-widget-tabs .elementor-tab-title,.elementor-widget-tabs .elementor-tab-title:after,.elementor-widget-tabs .elementor-tab-title:before,.elementor-widget-tabs .elementor-tabs-content-wrapper{border:1px #d4d4d4}.elementor-widget-tabs .elementor-tabs{text-align:left}.elementor-widget-tabs .elementor-tabs-wrapper{overflow:hidden}.elementor-widget-tabs .elementor-tab-title{cursor:pointer;outline:var(--focus-outline,none)}.elementor-widget-tabs .elementor-tab-desktop-title{position:relative;padding:20px 25px;font-weight:700;line-height:1;border:solid transparent}.elementor-widget-tabs .elementor-tab-desktop-title.elementor-active{border-color:#d4d4d4}.elementor-widget-tabs .elementor-tab-desktop-title.elementor-active:after,.elementor-widget-tabs .elementor-tab-desktop-title.elementor-active:before{display:block;content:\"\";position:absolute}.elementor-widget-tabs .elementor-tab-desktop-title:focus-visible{border:1px solid #000}.elementor-widget-tabs .elementor-tab-mobile-title{padding:10px;cursor:pointer}.elementor-widget-tabs .elementor-tab-content{padding:20px;display:none}@media (max-width:767px){.elementor-tabs .elementor-tab-content,.elementor-tabs .elementor-tab-title{border-style:solid solid none}.elementor-tabs .elementor-tabs-wrapper{display:none}.elementor-tabs .elementor-tabs-content-wrapper{border-bottom-style:solid}.elementor-tabs .elementor-tab-content{padding:10px}}@media (min-width:768px){.elementor-widget-tabs.elementor-tabs-view-vertical .elementor-tabs{display:-webkit-box;display:-ms-flexbox;display:flex}.elementor-widget-tabs.elementor-tabs-view-vertical .elementor-tabs-wrapper{-webkit-box-orient:vertical;-webkit-box-direction:normal;-ms-flex-direction:column;flex-direction:column}.elementor-widget-tabs.elementor-tabs-view-vertical .elementor-tabs-content-wrapper{-webkit-box-flex:1;-ms-flex-positive:1;flex-grow:1;border-style:solid solid solid none}.elementor-widget-tabs.elementor-tabs-view-horizontal .elementor-tab-content{border-style:none solid solid}.elementor-widget-tabs.elementor-tabs-alignment-center .elementor-tabs-wrapper,.elementor-widget-tabs.elementor-tabs-alignment-end .elementor-tabs-wrapper,.elementor-widget-tabs.elementor-tabs-alignment-stretch .elementor-tabs-wrapper{display:-webkit-box;display:-ms-flexbox;display:flex}.elementor-widget-tabs.elementor-tabs-alignment-center .elementor-tabs-wrapper{-webkit-box-pack:center;-ms-flex-pack:center;justify-content:center}.elementor-widget-tabs.elementor-tabs-alignment-end .elementor-tabs-wrapper{-webkit-box-pack:end;-ms-flex-pack:end;justify-content:flex-end}.elementor-widget-tabs.elementor-tabs-alignment-stretch.elementor-tabs-view-horizontal .elementor-tab-title{width:100%}.elementor-widget-tabs.elementor-tabs-alignment-stretch.elementor-tabs-view-vertical .elementor-tab-title{height:100%}.elementor-tabs .elementor-tab-mobile-title{display:none}}<\/style>\t\t<div class=\"elementor-tabs\">\n\t\t\t<div class=\"elementor-tabs-wrapper\" role=\"tablist\" >\n\t\t\t\t\t\t\t\t\t<div id=\"elementor-tab-title-8221\" class=\"elementor-tab-title elementor-tab-desktop-title\" aria-selected=\"true\" data-tab=\"1\" role=\"tab\" tabindex=\"0\" aria-controls=\"elementor-tab-content-8221\" aria-expanded=\"false\">Classroom Teachers<\/div>\n\t\t\t\t\t\t\t\t\t<div id=\"elementor-tab-title-8222\" class=\"elementor-tab-title elementor-tab-desktop-title\" aria-selected=\"false\" data-tab=\"2\" role=\"tab\" tabindex=\"-1\" aria-controls=\"elementor-tab-content-8222\" aria-expanded=\"false\">Guidance Counsellors<\/div>\n\t\t\t\t\t\t\t\t\t<div id=\"elementor-tab-title-8223\" class=\"elementor-tab-title elementor-tab-desktop-title\" aria-selected=\"false\" data-tab=\"3\" role=\"tab\" tabindex=\"-1\" aria-controls=\"elementor-tab-content-8223\" aria-expanded=\"false\">Managers<\/div>\n\t\t\t\t\t\t\t<\/div>\n\t\t\t<div class=\"elementor-tabs-content-wrapper\" role=\"tablist\" aria-orientation=\"vertical\">\n\t\t\t\t\t\t\t\t\t<div class=\"elementor-tab-title elementor-tab-mobile-title\" aria-selected=\"true\" data-tab=\"1\" role=\"tab\" tabindex=\"0\" aria-controls=\"elementor-tab-content-8221\" aria-expanded=\"false\">Classroom Teachers<\/div>\n\t\t\t\t\t<div id=\"elementor-tab-content-8221\" class=\"elementor-tab-content elementor-clearfix\" data-tab=\"1\" role=\"tabpanel\" aria-labelledby=\"elementor-tab-title-8221\" tabindex=\"0\" hidden=\"false\"><div id=\"scrolledTeacher\" class=\"home-content home-content--reverse js-scroll-teacher\"><div class=\"home-right\"><div class=\"home__cnt\"><h3 class=\"main-title main-title--lg mt-20 mb-50\">Easily discover your students<span class=\"main-title__in orange\">!<\/span><\/h3><p class=\"main-txt main-txt--lg\">Discover all your students faster and more consistently. Recognise their characteristics and analyse the positive value generation of your students in a more systematic way.<\/p><\/div><\/div><\/div><ul><li>Getting to know all aspects of each student in a short time<\/li><li>Effective communication and intervention methods<\/li><li>Obtaining individual information about temperament and mental ability<\/li><li>Tips for supporting students personally, academically and socially<\/li><li>Facilitated, advanced classroom management skills according to individual differences<\/li><li>Increased lesson effectiveness with a balanced class population in terms of temperament and mental ability<\/li><\/ul><\/div>\n\t\t\t\t\t\t\t\t\t<div class=\"elementor-tab-title elementor-tab-mobile-title\" aria-selected=\"false\" data-tab=\"2\" role=\"tab\" tabindex=\"-1\" aria-controls=\"elementor-tab-content-8222\" aria-expanded=\"false\">Guidance Counsellors<\/div>\n\t\t\t\t\t<div id=\"elementor-tab-content-8222\" class=\"elementor-tab-content elementor-clearfix\" data-tab=\"2\" role=\"tabpanel\" aria-labelledby=\"elementor-tab-title-8222\" tabindex=\"0\" hidden=\"hidden\"><div id=\"scrolledTeacher\" class=\"home-content home-content--reverse js-scroll-teacher\"><div class=\"home-right\"><div class=\"home__cnt\"><h3 class=\"main-title main-title--lg mt-20 mb-50\">Reach All Students Faster<span class=\"main-title__in orange\">!<\/span><\/h3><p class=\"main-txt main-txt--lg\">Reach all your students faster and spend less time getting to know them.<\/p><\/div><\/div><\/div><ul><li>Reaching all students in a very short time in an effective and useful way<\/li><li>Recognising all educators, students and parents with detailed Miterya reports<\/li><li>Effective knowledge in the fields of organising students' personal, academic and professional development processes in a holistic manner<\/li><\/ul><\/div>\n\t\t\t\t\t\t\t\t\t<div class=\"elementor-tab-title elementor-tab-mobile-title\" aria-selected=\"false\" data-tab=\"3\" role=\"tab\" tabindex=\"-1\" aria-controls=\"elementor-tab-content-8223\" aria-expanded=\"false\">Managers<\/div>\n\t\t\t\t\t<div id=\"elementor-tab-content-8223\" class=\"elementor-tab-content elementor-clearfix\" data-tab=\"3\" role=\"tabpanel\" aria-labelledby=\"elementor-tab-title-8223\" tabindex=\"0\" hidden=\"hidden\"><div id=\"scrolledTeacher\" class=\"home-content home-content--reverse js-scroll-teacher\"><div class=\"home-right\"><div class=\"home__cnt\"><h3 class=\"main-title main-title--lg mt-20 mb-50\">Look Holistically at Your School's Ecosystem<\/h3><p class=\"main-txt main-txt--lg\">Explore your entire school holistically with all its individuals.<\/p><\/div><\/div><\/div><ul><li>It makes it possible to see and manage the psychological ecosystem of the school as a whole.<\/li><li>It identifies the leadership qualities and competences that managers can and should strengthen in a healthy and quality manner.<\/li><li>With its detailed temperament analysis reports, it makes it easy for all educators, students and parents to get to know them in a very short time.<\/li><\/ul><\/div>\n\t\t\t\t\t\t\t<\/div>\n\t\t<\/div>\n\t\t\t\t<\/div>\n\t\t\t\t<\/div>\n\t\t\t\t\t<\/div>\n\t\t<\/div>\n\t\t\t\t\t\t\t<\/div>\n\t\t<\/section>\n\t\t\t\t\t\t\t<\/div>","protected":false},"excerpt":{"rendered":"<p>S\u0131n\u0131f \u00d6\u011fretmenleri Rehber \u00d6\u011fretmenler Y\u00f6neticiler S\u0131n\u0131f \u00d6\u011fretmenleri \u00d6\u011frencilerinizi kolayca ke\u015ffedin! T\u00fcm \u00f6\u011frencilerinizi daha h\u0131zl\u0131 ve daha tutarl\u0131 bir \u015fekilde ke\u015ffedin. Karakteristik \u00f6zelliklerini farkedin ve \u00f6\u011frencilerinizle iligli pozitif de\u011fer \u00fcretimini daha sistematik bir alt yap\u0131da \u00e7\u00f6z\u00fcmleyin. Her \u00f6\u011frenciyi t\u00fcm y\u00f6nleriyle k\u0131sa s\u00fcrede tan\u0131ma Etkili ileti\u015fim ve m\u00fcdahale y\u00f6ntemleri Miza\u00e7 ve zihinsel yetenek hakk\u0131nda bireysel bilgi edinme [&hellip;]<\/p>","protected":false},"author":1,"featured_media":0,"parent":0,"menu_order":0,"comment_status":"closed","ping_status":"closed","template":"","meta":[],"aioseo_notices":[],"_links":{"self":[{"href":"https:\/\/www.miterya.com.tr\/en\/wp-json\/wp\/v2\/pages\/2650"}],"collection":[{"href":"https:\/\/www.miterya.com.tr\/en\/wp-json\/wp\/v2\/pages"}],"about":[{"href":"https:\/\/www.miterya.com.tr\/en\/wp-json\/wp\/v2\/types\/page"}],"author":[{"embeddable":true,"href":"https:\/\/www.miterya.com.tr\/en\/wp-json\/wp\/v2\/users\/1"}],"replies":[{"embeddable":true,"href":"https:\/\/www.miterya.com.tr\/en\/wp-json\/wp\/v2\/comments?post=2650"}],"version-history":[{"count":23,"href":"https:\/\/www.miterya.com.tr\/en\/wp-json\/wp\/v2\/pages\/2650\/revisions"}],"predecessor-version":[{"id":2698,"href":"https:\/\/www.miterya.com.tr\/en\/wp-json\/wp\/v2\/pages\/2650\/revisions\/2698"}],"wp:attachment":[{"href":"https:\/\/www.miterya.com.tr\/en\/wp-json\/wp\/v2\/media?parent=2650"}],"curies":[{"name":"wp","href":"https:\/\/api.w.org\/{rel}","templated":true}]}}